{"id":968,"date":"2024-07-14T15:48:39","date_gmt":"2024-07-14T13:48:39","guid":{"rendered":"https:\/\/www.topdocpham.com\/?page_id=968"},"modified":"2024-07-17T08:27:08","modified_gmt":"2024-07-17T06:27:08","slug":"page-daccueil","status":"publish","type":"page","link":"https:\/\/www.topdocpham.com\/en\/","title":{"rendered":"Page d&rsquo;accueil"},"content":{"rendered":"<div class=\"wpb-content-wrapper\"><div data-vc-full-width=\"true\" data-vc-full-width-init=\"false\" data-vc-parallax=\"1.5\" data-vc-parallax-image=\"https:\/\/www.topdocpham.com\/wp-content\/uploads\/2024\/07\/monk-555391_1920_2.jpg\" class=\"vc_row wpb_row vc_row-fluid vc_custom_1720983659424 vc_row-has-fill vc_general vc_parallax vc_parallax-content-moving\" ><div class=\"wpb_column vc_column_container vc_col-sm-12\"><div class=\"vc_column-inner\"><div class=\"wpb_wrapper\"><div class=\"vc_row wpb_row vc_inner vc_row-fluid\" ><div class=\"wpb_column vc_column_container vc_col-sm-12\"><div class=\"vc_column-inner vc_custom_1720977269683\"><div class=\"wpb_wrapper\">\n\t<div class=\"wpb_text_column wpb_content_element  wpb_animate_when_almost_visible wpb_right-to-left right-to-left\" >\n\t\t<div class=\"wpb_wrapper\">\n\t\t\t<h2><span style=\"color: white;\">RESTORING THE PERFECT BALANCE<\/span><br \/>\n<span style=\"color: #0cb8b6;\"><b class=\"animate animated\">DESPITE AN OVERALL IMBALANCE<\/b><\/span><\/h2>\n<p><span style=\"color: white;\"><strong>AUTO REGULATION METABOLIQUE GLOBALE<\/strong><br \/>\nAn innovative therapeutic approach to chronic illness<\/span><\/p>\n\n\t\t<\/div>\n\t<\/div>\n<div class=\"vc_empty_space\"   style=\"height: 50px\"><span class=\"vc_empty_space_inner\"><\/span><\/div><\/div><\/div><\/div><\/div><\/div><\/div><\/div><\/div><div class=\"vc_row-full-width vc_clearfix\"><\/div><div class=\"mkdf-row-grid-section-wrapper\"  ><div class=\"mkdf-row-grid-section\"><div class=\"vc_row wpb_row vc_row-fluid vc_row-o-equal-height vc_row-o-content-top vc_row-flex\" ><div class=\"wpb_column vc_column_container vc_col-sm-12\"><div class=\"vc_column-inner vc_custom_1720975429036\"><div class=\"wpb_wrapper\"><div class=\"mkdf-boxes mkdf-three-columns\" ><div class=\"mkdf-boxes-item mkdf-vertical-alignment-top\" style=\"background-color: #435ba1\">\n        <div class=\"mkdf-boxes-item-inner\">\n        <div class=\"mkdf-boxes-item-content mkdf-boxes-custom-681049\" style=\"padding: 50px 55px 42px 53px\">\n            \n\t<div  class=\"wpb_single_image wpb_content_element vc_align_center  vc_custom_1720959279955\">\n\t\t\n\t\t<figure class=\"wpb_wrapper vc_figure\">\n\t\t\t<div class=\"vc_single_image-wrapper   vc_box_border_grey\"><img decoding=\"async\" width=\"91\" height=\"46\" src=\"https:\/\/www.topdocpham.com\/wp-content\/uploads\/2024\/07\/Sans-titre-3.png\" class=\"vc_single_image-img attachment-full\" alt=\"\" title=\"Sans titre-3\" \/><\/div>\n\t\t<\/figure>\n\t<\/div>\n\n\t<div class=\"wpb_text_column wpb_content_element\" >\n\t\t<div class=\"wpb_wrapper\">\n\t\t\t<h3><span style=\"color: #ffffff;\">ACUPUNCTURE<\/span><\/h3>\n\n\t\t<\/div>\n\t<\/div>\n<div class=\"vc_empty_space\"   style=\"height: 12px\"><span class=\"vc_empty_space_inner\"><\/span><\/div>\n\t<div class=\"wpb_text_column wpb_content_element\" >\n\t\t<div class=\"wpb_wrapper\">\n\t\t\t<p><span style=\"color: #ffffff;\">Benefit from acupuncture treatments provided by Dr Pham.<\/span><\/p>\n\n\t\t<\/div>\n\t<\/div>\n        <\/div>\n            <\/div>\n<\/div><div class=\"mkdf-boxes-item mkdf-vertical-alignment-top\" style=\"background-color: #4f6dcd\">\n        <div class=\"mkdf-boxes-item-inner\">\n        <div class=\"mkdf-boxes-item-content mkdf-boxes-custom-515365\" style=\"padding: 50px 45px 42px 53px\">\n            \n\t<div  class=\"wpb_single_image wpb_content_element vc_align_center  vc_custom_1720959271311\">\n\t\t\n\t\t<figure class=\"wpb_wrapper vc_figure\">\n\t\t\t<div class=\"vc_single_image-wrapper   vc_box_border_grey\"><img decoding=\"async\" width=\"46\" height=\"46\" src=\"https:\/\/www.topdocpham.com\/wp-content\/uploads\/2024\/07\/3721150.png\" class=\"vc_single_image-img attachment-full\" alt=\"\" title=\"3721150\" \/><\/div>\n\t\t<\/figure>\n\t<\/div>\n\n\t<div class=\"wpb_text_column wpb_content_element\" >\n\t\t<div class=\"wpb_wrapper\">\n\t\t\t<h3><span style=\"color: #ffffff;\">PHYTOTHERAPY<\/span><\/h3>\n\n\t\t<\/div>\n\t<\/div>\n<div class=\"vc_empty_space\"   style=\"height: 12px\"><span class=\"vc_empty_space_inner\"><\/span><\/div>\n\t<div class=\"wpb_text_column wpb_content_element\" >\n\t\t<div class=\"wpb_wrapper\">\n\t\t\t<p><span style=\"color: #ffffff;\">Benefit from Dr Pham's precise advice and wealth of experience to help you select which plants to use<\/span><\/p>\n\n\t\t<\/div>\n\t<\/div>\n        <\/div>\n            <\/div>\n<\/div><div class=\"mkdf-boxes-item mkdf-vertical-alignment-top\" style=\"background-color: #43d5cb\">\n        <div class=\"mkdf-boxes-item-inner\">\n        <div class=\"mkdf-boxes-item-content mkdf-boxes-custom-127330\" style=\"padding: 50px 55px 42px 53px\">\n            \n\t<div  class=\"wpb_single_image wpb_content_element vc_align_center  vc_custom_1720959255808\">\n\t\t\n\t\t<figure class=\"wpb_wrapper vc_figure\">\n\t\t\t<div class=\"vc_single_image-wrapper   vc_box_border_grey\"><img decoding=\"async\" width=\"53\" height=\"46\" src=\"https:\/\/www.topdocpham.com\/wp-content\/uploads\/2024\/07\/bienetre.png\" class=\"vc_single_image-img attachment-full\" alt=\"\" title=\"bienetre\" \/><\/div>\n\t\t<\/figure>\n\t<\/div>\n\n\t<div class=\"wpb_text_column wpb_content_element\" >\n\t\t<div class=\"wpb_wrapper\">\n\t\t\t<h3><span style=\"color: #ffffff;\">WELLNESS<\/span><\/h3>\n\n\t\t<\/div>\n\t<\/div>\n<div class=\"vc_empty_space\"   style=\"height: 12px\"><span class=\"vc_empty_space_inner\"><\/span><\/div>\n\t<div class=\"wpb_text_column wpb_content_element\" >\n\t\t<div class=\"wpb_wrapper\">\n\t\t\t<p><span style=\"color: #ffffff;\">Come and taste teas and herbal teas with medicinal properties.<\/span><\/p>\n\n\t\t<\/div>\n\t<\/div>\n        <\/div>\n            <\/div>\n<\/div><\/div><\/div><\/div><\/div><\/div><\/div><\/div><div class=\"mkdf-row-grid-section-wrapper\"  ><div class=\"mkdf-row-grid-section\"><div class=\"vc_row wpb_row vc_row-fluid vc_custom_1720975898053\" ><div class=\"wpb_column vc_column_container vc_col-sm-6\"><div class=\"vc_column-inner\"><div class=\"wpb_wrapper\"><div class=\"mkdf-elements-holder mkdf-one-column mkdf-responsive-mode-768\" ><div class=\"mkdf-eh-item\"  data-item-class=\"mkdf-eh-custom-578744\">\n\t<div class=\"mkdf-eh-item-inner\">\n\t\t<div class=\"mkdf-eh-item-content mkdf-eh-custom-578744\" >\n\t\t\t\n\t<div class=\"wpb_text_column wpb_content_element\" >\n\t\t<div class=\"wpb_wrapper\">\n\t\t\t<h4 style=\"margin-bottom: 0;\"><span style=\"font-weight: 300;\">Biography<\/span><\/h4>\n<h3 style=\"margin-top: 0;\">Dr PHAM Thi Thoi Nguy\u00eat<\/h3>\n\n\t\t<\/div>\n\t<\/div>\n<div class=\"vc_empty_space\"   style=\"height: 24px\"><span class=\"vc_empty_space_inner\"><\/span><\/div><div class=\"vc_row wpb_row vc_inner vc_row-fluid\" ><div class=\"wpb_column vc_column_container vc_col-sm-6\"><div class=\"vc_column-inner\"><div class=\"wpb_wrapper\"><div class=\"mkdf-icon-list-holder\" >\n\t<div class=\"mkdf-il-icon-holder\">\n\t\t<i class=\"mkdf-icon-font-awesome fa fa-arrow-circle-right\" style=\"color: #4f6dcd;font-size: 16px\"><\/i>\t<\/div>\n\t<p class=\"mkdf-il-text\" style=\"padding-left: 27px\">Graduate of the Faculty of Medicine, Paris, France<\/p>\n<\/div><div class=\"mkdf-icon-list-holder\" >\n\t<div class=\"mkdf-il-icon-holder\">\n\t\t<i class=\"mkdf-icon-font-awesome fa fa-arrow-circle-right\" style=\"color: #4f6dcd;font-size: 16px\"><\/i>\t<\/div>\n\t<p class=\"mkdf-il-text\" style=\"padding-left: 27px\">Diploma in Homeopathy, French National Homeopathic Institute (INHF)<\/p>\n<\/div><div class=\"mkdf-icon-list-holder\" >\n\t<div class=\"mkdf-il-icon-holder\">\n\t\t<i class=\"mkdf-icon-font-awesome fa fa-arrow-circle-right\" style=\"color: #4f6dcd;font-size: 16px\"><\/i>\t<\/div>\n\t<p class=\"mkdf-il-text\" style=\"padding-left: 27px\">Diplomas in Acupuncture and Phytotherapy from Master Nguyen Tu Th\u00eeen, founder of several schools of acupuncture and phytotherapy in Vietnam.<\/p>\n<\/div><\/div><\/div><\/div><div class=\"wpb_column vc_column_container vc_col-sm-6\"><div class=\"vc_column-inner\"><div class=\"wpb_wrapper\"><div class=\"mkdf-icon-list-holder\" >\n\t<div class=\"mkdf-il-icon-holder\">\n\t\t<i class=\"mkdf-icon-font-awesome fa fa-arrow-circle-right\" style=\"color: #4f6dcd;font-size: 16px\"><\/i>\t<\/div>\n\t<p class=\"mkdf-il-text\" style=\"padding-left: 27px\">More than 20 years practising in Paris<\/p>\n<\/div><div class=\"mkdf-icon-list-holder\" >\n\t<div class=\"mkdf-il-icon-holder\">\n\t\t<i class=\"mkdf-icon-font-awesome fa fa-arrow-circle-right\" style=\"color: #4f6dcd\"><\/i>\t<\/div>\n\t<p class=\"mkdf-il-text\" style=\"padding-left: 27px\">Patients come from all over the world to benefit from its therapeutic approach of Global Metabolic Self-Regulation, applied to chronic disease.<\/p>\n<\/div><div class=\"mkdf-icon-list-holder\" >\n\t<div class=\"mkdf-il-icon-holder\">\n\t\t<i class=\"mkdf-icon-font-awesome fa fa-arrow-circle-right\" style=\"color: #4f6dcd;font-size: 16px\"><\/i>\t<\/div>\n\t<p class=\"mkdf-il-text\" style=\"padding-left: 27px\">Coordinatrice internationale, Medical Women's International Association (MWIA) de 2013 \u00e0 2017<\/p>\n<\/div><\/div><\/div><\/div><\/div>\t\t<\/div>\n\t<\/div>\n<\/div><\/div><\/div><\/div><\/div><div class=\"wpb_column vc_column_container vc_col-sm-6\"><div class=\"vc_column-inner\"><div class=\"wpb_wrapper\"><div class=\"mkdf-elements-holder mkdf-one-column mkdf-responsive-mode-768\" ><div class=\"mkdf-eh-item\"  data-item-class=\"mkdf-eh-custom-236059\">\n\t<div class=\"mkdf-eh-item-inner\">\n\t\t<div class=\"mkdf-eh-item-content mkdf-eh-custom-236059\" >\n\t\t\t\n\t<div  class=\"wpb_single_image wpb_content_element vc_align_right\">\n\t\t\n\t\t<figure class=\"wpb_wrapper vc_figure\">\n\t\t\t<a href=\"\/en\/team-member\/docteur-pham-thi-thoi-nguyet\/\" target=\"_self\" class=\"vc_single_image-wrapper   vc_box_border_grey\"><img loading=\"lazy\" decoding=\"async\" width=\"409\" height=\"441\" src=\"https:\/\/www.topdocpham.com\/wp-content\/uploads\/2024\/07\/doktorka.png\" class=\"vc_single_image-img attachment-full\" alt=\"\" title=\"doktorka\" srcset=\"https:\/\/www.topdocpham.com\/wp-content\/uploads\/2024\/07\/doktorka.png 409w, https:\/\/www.topdocpham.com\/wp-content\/uploads\/2024\/07\/doktorka-278x300.png 278w\" sizes=\"(max-width: 409px) 100vw, 409px\" \/><\/a>\n\t\t<\/figure>\n\t<\/div>\n\t\t<\/div>\n\t<\/div>\n<\/div><\/div><\/div><\/div><\/div><\/div><\/div><\/div><div data-vc-full-width=\"true\" data-vc-full-width-init=\"false\" class=\"vc_row wpb_row vc_row-fluid\" ><div class=\"wpb_column vc_column_container vc_col-sm-12\"><div class=\"vc_column-inner vc_custom_1720976288308\"><div class=\"wpb_wrapper\"><div class=\"mkdf-interactive-banner-holder mkdf-interactive-banner-align-center mkdf-interactive-banner-light-theme mkdf-interactive-banner-standard\" style=\"background-image: url(https:\/\/www.topdocpham.com\/wp-content\/uploads\/2024\/07\/42433982424_79b85f3474_o.jpg);padding: 20px 80px 40px 80px\"><a itemprop=\"url\" class=\"mkdf-interactive-banner-cover-link\" href=\"\" target=\"_self\"><\/a><div class=\"mkdf-interactive-banner-initial\" style=\"\"><\/div><div class=\"mkdf-interactive-banner-overlay\" style=\"background-color: #435ba1\"><\/div><div class=\"mkdf-interactive-banner-inner-wrapper\">\n    <div class=\"mkdf-interactive-banner-content-holder\" >\n                    <div class=\"mkdf-interactive-banner-title-holder\">\n                <h3>\n                    AUDIT                <\/h3>\n            <\/div>\n                        <div class=\"mkdf-interactive-banner-text-holder\">\n            <p>Despite existing treatments, the number of diabetics and chronic diseases with their complications is far from decreasing.<\/p>\n                    <\/div>\n    <\/div>\n<\/div><\/div><\/div><\/div><\/div><\/div><div class=\"vc_row-full-width vc_clearfix\"><\/div><div data-vc-full-width=\"true\" data-vc-full-width-init=\"false\" class=\"vc_row wpb_row vc_row-fluid\" ><div class=\"wpb_column vc_column_container vc_col-sm-12\"><div class=\"vc_column-inner vc_custom_1720976298541\"><div class=\"wpb_wrapper\"><div class=\"mkdf-interactive-banner-holder mkdf-interactive-banner-align-center mkdf-interactive-banner-light-theme mkdf-interactive-banner-standard\" style=\"background-image: url(https:\/\/www.topdocpham.com\/wp-content\/uploads\/2024\/07\/bg_phyto.jpg);padding: 20px 80px 40px 80px\"><a itemprop=\"url\" class=\"mkdf-interactive-banner-cover-link\" href=\"\" target=\"_self\"><\/a><div class=\"mkdf-interactive-banner-initial\" style=\"\"><\/div><div class=\"mkdf-interactive-banner-overlay\" style=\"background-color: #4f6dcd\"><\/div><div class=\"mkdf-interactive-banner-inner-wrapper\">\n    <div class=\"mkdf-interactive-banner-content-holder\" >\n                    <div class=\"mkdf-interactive-banner-title-holder\">\n                <h3>\n                    PURPOSE                <\/h3>\n            <\/div>\n                        <div class=\"mkdf-interactive-banner-text-holder\">\n            <p>By all means, to understand better and differently, to be able to act and cure more chronic illnesses, including diabetes, using a natural medicine that essentially brings together acupuncture, plants and minerals.<\/p>\n                    <\/div>\n    <\/div>\n<\/div><\/div><\/div><\/div><\/div><\/div><div class=\"vc_row-full-width vc_clearfix\"><\/div><div class=\"vc_row wpb_row vc_row-fluid\" ><div class=\"wpb_column vc_column_container vc_col-sm-12\"><div class=\"vc_column-inner\"><div class=\"wpb_wrapper\"><div class=\"mkdf-elliptical-slider\"><div class=\"mkdf-elliptical-slider-slides\" data-animation-speed=\"5000\">\n<div class=\"mkdf-elliptical-slide\" style=\"background-image:url(https:\/\/www.topdocpham.com\/wp-content\/uploads\/2024\/07\/recherche.jpg)\">\n    <div class=\"mkdf-elliptical-slide-image-holder-wrapper\">\n        <span class=\"mkdf-elliptical-slide-image-holder\">\n            <img decoding=\"async\" src=\"https:\/\/www.topdocpham.com\/wp-content\/uploads\/2024\/07\/recherche.jpg\" alt=\"mkdf-eliptic-slider\"\/>\n        <\/span>\n    <\/div>\n    <div class=\"mkdf-elliptical-slide-content-holder\" >\n        <div class=\"mkdf-elliptical-slide-content-holder-inner grid_section\">\n            <div class=\"mkdf-elliptical-slide-content-wrapper mkdf-container-inner\">\n                <div class=\"mkdf-elliptical-slide-wrapper-inner\">\n\t\t\t\t\t<div class=\"mkdf-elliptical-slide-svg-holder\">\n\t\t\t\t\t\t<svg xmlns=\"http:\/\/www.w3.org\/2000\/svg\" xmlns:xlink=\"http:\/\/www.w3.org\/1999\/xlink\" x=\"0px\" y=\"0px\"  width=\"120\" height=\"660\" viewbox=\"0 0 97 604\" enable-background=\"new 0 0 97 604\"  xml:space=\"preserve\">\n\t\t\t\t\t\t\t<path fill-rule=\"evenodd\" clip-rule=\"evenodd\" fill=\"#43D5CB\" d=\"M0,0c36,93.5,56,195.4,56,302c0,106.6-20,208.5-56,302 c22.8,0,97,0,97,0V0C97,0,32.5,0,0,0z\"\/>\n\t\t\t\t\t\t<\/svg>\n\t\t\t\t\t<\/div>\n                    <div class=\"mkdf-elliptical-slide-elements-holder\">\n\n\t\t\t\t\t\t\n\t<div class=\"wpb_text_column wpb_content_element\" >\n\t\t<div class=\"wpb_wrapper\">\n\t\t\t<h4 style=\"margin: 0;\"><span style=\"color: #ffffff; line-height: 1.6em;\">The <strong>Research<\/strong> based on innovative visions or promising personal or community experiences.<br \/>\nThe Research Centre needs to be 'immersed' in the Patients' Living Space so that it can absorb in vivo observations.<\/span><\/h4>\n\n\t\t<\/div>\n\t<\/div>\n                    <\/div>\n                <\/div>\n            <\/div>\n        <\/div>\n    <\/div>\n<\/div>\n<div class=\"mkdf-elliptical-slide\" style=\"background-image:url(https:\/\/www.topdocpham.com\/wp-content\/uploads\/2024\/07\/espace_vie_2.jpg)\">\n    <div class=\"mkdf-elliptical-slide-image-holder-wrapper\">\n        <span class=\"mkdf-elliptical-slide-image-holder\">\n            <img decoding=\"async\" src=\"https:\/\/www.topdocpham.com\/wp-content\/uploads\/2024\/07\/espace_vie_2.jpg\" alt=\"mkdf-eliptic-slider\"\/>\n        <\/span>\n    <\/div>\n    <div class=\"mkdf-elliptical-slide-content-holder\" >\n        <div class=\"mkdf-elliptical-slide-content-holder-inner grid_section\">\n            <div class=\"mkdf-elliptical-slide-content-wrapper mkdf-container-inner\">\n                <div class=\"mkdf-elliptical-slide-wrapper-inner\">\n\t\t\t\t\t<div class=\"mkdf-elliptical-slide-svg-holder\">\n\t\t\t\t\t\t<svg xmlns=\"http:\/\/www.w3.org\/2000\/svg\" xmlns:xlink=\"http:\/\/www.w3.org\/1999\/xlink\" x=\"0px\" y=\"0px\"  width=\"120\" height=\"660\" viewbox=\"0 0 97 604\" enable-background=\"new 0 0 97 604\"  xml:space=\"preserve\">\n\t\t\t\t\t\t\t<path fill-rule=\"evenodd\" clip-rule=\"evenodd\" fill=\"#43D5CB\" d=\"M0,0c36,93.5,56,195.4,56,302c0,106.6-20,208.5-56,302 c22.8,0,97,0,97,0V0C97,0,32.5,0,0,0z\"\/>\n\t\t\t\t\t\t<\/svg>\n\t\t\t\t\t<\/div>\n                    <div class=\"mkdf-elliptical-slide-elements-holder\">\n\n\t\t\t\t\t\t\n\t<div class=\"wpb_text_column wpb_content_element\" >\n\t\t<div class=\"wpb_wrapper\">\n\t\t\t<h4 style=\"margin: 0;\"><span style=\"color: #ffffff; line-height: 1.6em;\">Building a <strong>Living space including the Research area<\/strong> where patients will have access to the outside world through the use of digital technology, concerts, exhibitions of paintings or other artistic expressions, and where they will also be able to \"return to themselves\", their inner world, with the help of a soothing natural environment and the constant and extreme benevolence of the professional team.<\/span><\/h4>\n\n\t\t<\/div>\n\t<\/div>\n                    <\/div>\n                <\/div>\n            <\/div>\n        <\/div>\n    <\/div>\n<\/div>\n<div class=\"mkdf-elliptical-slide\" style=\"background-image:url(https:\/\/www.topdocpham.com\/wp-content\/uploads\/2024\/07\/Sans-titre-7.jpg)\">\n    <div class=\"mkdf-elliptical-slide-image-holder-wrapper\">\n        <span class=\"mkdf-elliptical-slide-image-holder\">\n            <img decoding=\"async\" src=\"https:\/\/www.topdocpham.com\/wp-content\/uploads\/2024\/07\/Sans-titre-7.jpg\" alt=\"mkdf-eliptic-slider\"\/>\n        <\/span>\n    <\/div>\n    <div class=\"mkdf-elliptical-slide-content-holder\" >\n        <div class=\"mkdf-elliptical-slide-content-holder-inner grid_section\">\n            <div class=\"mkdf-elliptical-slide-content-wrapper mkdf-container-inner\">\n                <div class=\"mkdf-elliptical-slide-wrapper-inner\">\n\t\t\t\t\t<div class=\"mkdf-elliptical-slide-svg-holder\">\n\t\t\t\t\t\t<svg xmlns=\"http:\/\/www.w3.org\/2000\/svg\" xmlns:xlink=\"http:\/\/www.w3.org\/1999\/xlink\" x=\"0px\" y=\"0px\"  width=\"120\" height=\"660\" viewbox=\"0 0 97 604\" enable-background=\"new 0 0 97 604\"  xml:space=\"preserve\">\n\t\t\t\t\t\t\t<path fill-rule=\"evenodd\" clip-rule=\"evenodd\" fill=\"#43D5CB\" d=\"M0,0c36,93.5,56,195.4,56,302c0,106.6-20,208.5-56,302 c22.8,0,97,0,97,0V0C97,0,32.5,0,0,0z\"\/>\n\t\t\t\t\t\t<\/svg>\n\t\t\t\t\t<\/div>\n                    <div class=\"mkdf-elliptical-slide-elements-holder\">\n\n\t\t\t\t\t\t\n\t<div class=\"wpb_text_column wpb_content_element\" >\n\t\t<div class=\"wpb_wrapper\">\n\t\t\t<h4 style=\"margin: 0;\"><span style=\"color: #ffffff; line-height: 1.6em;\">Creation of <strong>medicinal plantations according to the rules of the art<\/strong> qui tout en servant la Recherche pourront faire face, dans un avenir proche, aux besoins th\u00e9rapeutiques en grand nombre et dans la qualit\u00e9.<\/span><\/h4>\n\n\t\t<\/div>\n\t<\/div>\n                    <\/div>\n                <\/div>\n            <\/div>\n        <\/div>\n    <\/div>\n<\/div>\n<div class=\"mkdf-elliptical-slide\" style=\"background-image:url(https:\/\/www.topdocpham.com\/wp-content\/uploads\/2024\/07\/phytoterapie.jpg)\">\n    <div class=\"mkdf-elliptical-slide-image-holder-wrapper\">\n        <span class=\"mkdf-elliptical-slide-image-holder\">\n            <img decoding=\"async\" src=\"https:\/\/www.topdocpham.com\/wp-content\/uploads\/2024\/07\/phytoterapie.jpg\" alt=\"mkdf-eliptic-slider\"\/>\n        <\/span>\n    <\/div>\n    <div class=\"mkdf-elliptical-slide-content-holder\" >\n        <div class=\"mkdf-elliptical-slide-content-holder-inner grid_section\">\n            <div class=\"mkdf-elliptical-slide-content-wrapper mkdf-container-inner\">\n                <div class=\"mkdf-elliptical-slide-wrapper-inner\">\n\t\t\t\t\t<div class=\"mkdf-elliptical-slide-svg-holder\">\n\t\t\t\t\t\t<svg xmlns=\"http:\/\/www.w3.org\/2000\/svg\" xmlns:xlink=\"http:\/\/www.w3.org\/1999\/xlink\" x=\"0px\" y=\"0px\"  width=\"120\" height=\"660\" viewbox=\"0 0 97 604\" enable-background=\"new 0 0 97 604\"  xml:space=\"preserve\">\n\t\t\t\t\t\t\t<path fill-rule=\"evenodd\" clip-rule=\"evenodd\" fill=\"#43D5CB\" d=\"M0,0c36,93.5,56,195.4,56,302c0,106.6-20,208.5-56,302 c22.8,0,97,0,97,0V0C97,0,32.5,0,0,0z\"\/>\n\t\t\t\t\t\t<\/svg>\n\t\t\t\t\t<\/div>\n                    <div class=\"mkdf-elliptical-slide-elements-holder\">\n\n\t\t\t\t\t\t\n\t<div class=\"wpb_text_column wpb_content_element\" >\n\t\t<div class=\"wpb_wrapper\">\n\t\t\t<h4 style=\"margin: 0;\"><span style=\"color: #ffffff; line-height: 1.6em;\">In parallel with research and the creation of plabtations, use of existing <strong>Phytotherapy from reputable laboratories<\/strong>.<\/span><\/h4>\n\n\t\t<\/div>\n\t<\/div>\n                    <\/div>\n                <\/div>\n            <\/div>\n        <\/div>\n    <\/div>\n<\/div>\n<div class=\"mkdf-elliptical-slide\" style=\"background-image:url(https:\/\/www.topdocpham.com\/wp-content\/uploads\/2024\/07\/moteur_recherche.jpg)\">\n    <div class=\"mkdf-elliptical-slide-image-holder-wrapper\">\n        <span class=\"mkdf-elliptical-slide-image-holder\">\n            <img decoding=\"async\" src=\"https:\/\/www.topdocpham.com\/wp-content\/uploads\/2024\/07\/moteur_recherche.jpg\" alt=\"mkdf-eliptic-slider\"\/>\n        <\/span>\n    <\/div>\n    <div class=\"mkdf-elliptical-slide-content-holder\" >\n        <div class=\"mkdf-elliptical-slide-content-holder-inner grid_section\">\n            <div class=\"mkdf-elliptical-slide-content-wrapper mkdf-container-inner\">\n                <div class=\"mkdf-elliptical-slide-wrapper-inner\">\n\t\t\t\t\t<div class=\"mkdf-elliptical-slide-svg-holder\">\n\t\t\t\t\t\t<svg xmlns=\"http:\/\/www.w3.org\/2000\/svg\" xmlns:xlink=\"http:\/\/www.w3.org\/1999\/xlink\" x=\"0px\" y=\"0px\"  width=\"120\" height=\"660\" viewbox=\"0 0 97 604\" enable-background=\"new 0 0 97 604\"  xml:space=\"preserve\">\n\t\t\t\t\t\t\t<path fill-rule=\"evenodd\" clip-rule=\"evenodd\" fill=\"#43D5CB\" d=\"M0,0c36,93.5,56,195.4,56,302c0,106.6-20,208.5-56,302 c22.8,0,97,0,97,0V0C97,0,32.5,0,0,0z\"\/>\n\t\t\t\t\t\t<\/svg>\n\t\t\t\t\t<\/div>\n                    <div class=\"mkdf-elliptical-slide-elements-holder\">\n\n\t\t\t\t\t\t\n\t<div class=\"wpb_text_column wpb_content_element\" >\n\t\t<div class=\"wpb_wrapper\">\n\t\t\t<h4 style=\"margin: 0;\"><span style=\"color: #ffffff; line-height: 1.6em;\">Creation of an <strong>in-depth research engine focused on chronic diseases and their natural treatments<\/strong>, enabling intercontinental communication.<\/span><\/h4>\n\n\t\t<\/div>\n\t<\/div>\n                    <\/div>\n                <\/div>\n            <\/div>\n        <\/div>\n    <\/div>\n<\/div><\/div><\/div><\/div><\/div><\/div><\/div>\n<\/div>","protected":false},"excerpt":{"rendered":"RESTAURER L\u2019\u00c9QUILIBRE PARFAIT MALGR\u00c9 UN D\u00c9S\u00c9QUILIBRE GLOBAL AUTO REGULATION METABOLIQUE GLOBALE Une approche th\u00e9rapeutique innovatrice \u00e0 la maladie chronique ACUPUNCTURE B\u00e9n\u00e9ficiez de soins en Acupuncture dispens\u00e9s par le Dr Pham. PHYTOTH\u00c9RAPIE B\u00e9n\u00e9ficiez des conseils pr\u00e9cis et riches d'exp\u00e9rience donn\u00e9s par [...]","protected":false},"author":1,"featured_media":0,"parent":0,"menu_order":0,"comment_status":"closed","ping_status":"closed","template":"full-width.php","meta":{"_uag_custom_page_level_css":"","_themeisle_gutenberg_block_has_review":false,"footnotes":""},"class_list":["post-968","page","type-page","status-publish","hentry"],"uagb_featured_image_src":{"full":false,"thumbnail":false,"medium":false,"medium_large":false,"large":false,"event-post-thumb":false,"event-post-thumb-box":false,"1536x1536":false,"2048x2048":false,"trp-custom-language-flag":false,"mediclinic_mikado_square":false,"mediclinic_mikado_landscape":false,"mediclinic_mikado_portrait":false,"mediclinic_mikado_huge":false,"mediclinic_mikado_navigation":false},"uagb_author_info":{"display_name":"Ludo","author_link":"https:\/\/www.topdocpham.com\/en\/author\/admin2883\/"},"uagb_comment_info":0,"uagb_excerpt":null,"_links":{"self":[{"href":"https:\/\/www.topdocpham.com\/en\/wp-json\/wp\/v2\/pages\/968","targetHints":{"allow":["GET"]}}],"collection":[{"href":"https:\/\/www.topdocpham.com\/en\/wp-json\/wp\/v2\/pages"}],"about":[{"href":"https:\/\/www.topdocpham.com\/en\/wp-json\/wp\/v2\/types\/page"}],"author":[{"embeddable":true,"href":"https:\/\/www.topdocpham.com\/en\/wp-json\/wp\/v2\/users\/1"}],"replies":[{"embeddable":true,"href":"https:\/\/www.topdocpham.com\/en\/wp-json\/wp\/v2\/comments?post=968"}],"version-history":[{"count":0,"href":"https:\/\/www.topdocpham.com\/en\/wp-json\/wp\/v2\/pages\/968\/revisions"}],"wp:attachment":[{"href":"https:\/\/www.topdocpham.com\/en\/wp-json\/wp\/v2\/media?parent=968"}],"curies":[{"name":"wp","href":"https:\/\/api.w.org\/{rel}","templated":true}]}}